{"id":2067,"date":"2024-11-05T11:37:45","date_gmt":"2024-11-05T16:37:45","guid":{"rendered":"https:\/\/archi.maibec.com\/about-us\/"},"modified":"2025-06-12T15:41:57","modified_gmt":"2025-06-12T19:41:57","slug":"a-propos","status":"publish","type":"page","link":"https:\/\/archi.maibec.com\/fr\/a-propos\/","title":{"rendered":"\u00c0 propos"},"content":{"rendered":"\t\t<div data-elementor-type=\"wp-page\" data-elementor-id=\"2067\" class=\"elementor elementor-2067 elementor-40\" data-elementor-post-type=\"page\">\n\t\t\t\t<div class=\"elementor-element elementor-element-33958e2 e-con-full e-flex e-con e-parent\" data-id=\"33958e2\" data-element_type=\"container\">\n\t\t<div class=\"elementor-element elementor-element-6aef176 e-con-full container e-flex e-con e-child\" data-id=\"6aef176\" data-element_type=\"container\">\n\t\t<div class=\"elementor-element elementor-element-e9e4cf6 e-con-full maibec-header-border e-flex e-con e-child\" data-id=\"e9e4cf6\" data-element_type=\"container\">\n\t\t\t\t<div class=\"elementor-element elementor-element-523253a elementor-widget elementor-widget-image\" data-id=\"523253a\" data-element_type=\"widget\" data-widget_type=\"image.default\">\n\t\t\t\t<div class=\"elementor-widget-container\">\n\t\t\t\t\t\t\t\t\t\t\t\t\t\t\t<img decoding=\"async\" src=\"https:\/\/archi.maibec.com\/wp-content\/uploads\/elementor\/thumbs\/A-Propos_1400-1-r6kwcpvf9eim6zw4afqj4nxrtydvmy29vx9w45bt7k.jpg\" title=\"\u00c0 Propos\" alt=\"\u00c0 Propos\" loading=\"lazy\" \/>\t\t\t\t\t\t\t\t\t\t\t\t\t\t\t<\/div>\n\t\t\t\t<\/div>\n\t\t\t\t<\/div>\n\t\t\t\t<\/div>\n\t\t<div class=\"elementor-element elementor-element-c55fb4f e-con-full container e-flex e-con e-child\" data-id=\"c55fb4f\" data-element_type=\"container\">\n\t\t\t\t<div class=\"elementor-element elementor-element-46c4d3a elementor-widget elementor-widget-breadcrumbs\" data-id=\"46c4d3a\" data-element_type=\"widget\" data-widget_type=\"breadcrumbs.default\">\n\t\t\t\t<div class=\"elementor-widget-container\">\n\t\t\t\t\t<p id=\"breadcrumbs\"><span><span><a href=\"https:\/\/archi.maibec.com\/fr\/\">Accueil<\/a><\/span><\/span><\/p>\t\t\t\t<\/div>\n\t\t\t\t<\/div>\n\t\t\t\t<\/div>\n\t\t<div class=\"elementor-element elementor-element-e9d2d6d e-con-full container e-flex e-con e-child\" data-id=\"e9d2d6d\" data-element_type=\"container\">\n\t\t<div class=\"elementor-element elementor-element-e429f69 e-con-full e-flex e-con e-child\" data-id=\"e429f69\" data-element_type=\"container\">\n\t\t\t\t<div class=\"elementor-element elementor-element-ea1dedc elementor-widget elementor-widget-heading\" data-id=\"ea1dedc\" data-element_type=\"widget\" data-widget_type=\"heading.default\">\n\t\t\t\t<div class=\"elementor-widget-container\">\n\t\t\t\t\t<h1 class=\"elementor-heading-title elementor-size-default\">\u00c0 propos<\/h1>\t\t\t\t<\/div>\n\t\t\t\t<\/div>\n\t\t\t\t<div class=\"elementor-element elementor-element-458bd09 elementor-widget elementor-widget-text-editor\" data-id=\"458bd09\" data-element_type=\"widget\" data-widget_type=\"text-editor.default\">\n\t\t\t\t<div class=\"elementor-widget-container\">\n\t\t\t\t\t\t\t\t\t<p>Maibec, une entreprise canadienne, est un chef de file nord-am\u00e9ricain en syst\u00e8mes de rev\u00eatement int\u00e9gr\u00e9s pour b\u00e2timents, offrant des solutions compl\u00e8tes, novatrices et d\u2019une qualit\u00e9 \u00e9prouv\u00e9e.<\/p>\n\t\t\t\t\t\t\t\t<\/div>\n\t\t\t\t<\/div>\n\t\t\t\t<\/div>\n\t\t\t\t<\/div>\n\t\t\t\t<\/div>\n\t\t<div class=\"elementor-element elementor-element-6d8a92f e-flex e-con-boxed e-con e-parent\" data-id=\"6d8a92f\" data-element_type=\"container\">\n\t\t\t\t\t<div class=\"e-con-inner\">\n\t\t\t\t<div class=\"elementor-element elementor-element-cfcb986 elementor-widget elementor-widget-video\" data-id=\"cfcb986\" data-element_type=\"widget\" data-settings=\"{&quot;youtube_url&quot;:&quot;https:\\\/\\\/www.youtube.com\\\/watch?v=XrdbHkAvpnM&quot;,&quot;autoplay&quot;:&quot;yes&quot;,&quot;mute&quot;:&quot;yes&quot;,&quot;loop&quot;:&quot;yes&quot;,&quot;video_type&quot;:&quot;youtube&quot;,&quot;controls&quot;:&quot;yes&quot;}\" data-widget_type=\"video.default\">\n\t\t\t\t<div class=\"elementor-widget-container\">\n\t\t\t\t\t\t\t<div class=\"elementor-wrapper elementor-open-inline\">\n\t\t\t<div class=\"elementor-video\"><\/div>\t\t<\/div>\n\t\t\t\t\t\t<\/div>\n\t\t\t\t<\/div>\n\t\t\t\t\t<\/div>\n\t\t\t\t<\/div>\n\t\t<div class=\"elementor-element elementor-element-685c9f2 e-con-full e-flex e-con e-parent\" data-id=\"685c9f2\" data-element_type=\"container\">\n\t\t<div class=\"elementor-element elementor-element-0ef744a e-con-full container e-flex e-con e-child\" data-id=\"0ef744a\" data-element_type=\"container\">\n\t\t<div class=\"elementor-element elementor-element-4fe47a5 e-con-full e-flex e-con e-child\" data-id=\"4fe47a5\" data-element_type=\"container\">\n\t\t\t\t<div class=\"elementor-element elementor-element-6b34525 elementor-widget__width-initial elementor-widget elementor-widget-text-editor\" data-id=\"6b34525\" data-element_type=\"widget\" data-widget_type=\"text-editor.default\">\n\t\t\t\t<div class=\"elementor-widget-container\">\n\t\t\t\t\t\t\t\t\t<h2>Maibec, leader en syst\u00e8mes de rev\u00eatement int\u00e9gr\u00e9s pour b\u00e2timents<\/h2><p>Maibec, une entreprise canadienne, est un chef de file nord-am\u00e9ricain en syst\u00e8mes de rev\u00eatement int\u00e9gr\u00e9s pour b\u00e2timents, offrant des solutions compl\u00e8tes, novatrices et d\u2019une qualit\u00e9 \u00e9prouv\u00e9e.<\/p><p>Notre \u00e9quipe Maibec Architectural d\u00e9di\u00e9e au soutien des projets est pr\u00eate \u00e0 r\u00e9pondre \u00e0 vos demandes de produits personnalis\u00e9s tout en assurant une livraison dans les d\u00e9lais pr\u00e9vus, faisant de nous votre partenaire de confiance pour des r\u00e9sultats exceptionnels.<\/p>\t\t\t\t\t\t\t\t<\/div>\n\t\t\t\t<\/div>\n\t\t\t\t<div class=\"elementor-element elementor-element-e3b4f38 elementor-widget-tablet__width-initial elementor-widget__width-initial elementor-widget elementor-widget-image\" data-id=\"e3b4f38\" data-element_type=\"widget\" data-widget_type=\"image.default\">\n\t\t\t\t<div class=\"elementor-widget-container\">\n\t\t\t\t\t\t\t\t\t\t\t\t\t\t\t<img fetchpriority=\"high\" decoding=\"async\" width=\"860\" height=\"572\" src=\"https:\/\/archi.maibec.com\/wp-content\/uploads\/2025\/06\/PXL_20240828_142621944-860x572.jpg\" class=\"attachment-leonard-portfolio size-leonard-portfolio wp-image-6193\" alt=\"usine-maibec-drummondville\" \/>\t\t\t\t\t\t\t\t\t\t\t\t\t\t\t<\/div>\n\t\t\t\t<\/div>\n\t\t\t\t<\/div>\n\t\t\t\t<\/div>\n\t\t\t\t<\/div>\n\t\t<div class=\"elementor-element elementor-element-1c474a7 e-con-full e-flex e-con e-parent\" data-id=\"1c474a7\" data-element_type=\"container\" data-settings=\"{&quot;background_background&quot;:&quot;classic&quot;}\">\n\t\t<div class=\"elementor-element elementor-element-57cfaf1 e-con-full container e-flex e-con e-child\" data-id=\"57cfaf1\" data-element_type=\"container\">\n\t\t<div class=\"elementor-element elementor-element-653db85 e-con-full e-flex e-con e-child\" data-id=\"653db85\" data-element_type=\"container\">\n\t\t<div class=\"elementor-element elementor-element-78f3d69 e-con-full e-flex e-con e-child\" data-id=\"78f3d69\" data-element_type=\"container\">\n\t\t\t\t<div class=\"elementor-element elementor-element-494b36a elementor-widget elementor-widget-heading\" data-id=\"494b36a\" data-element_type=\"widget\" data-widget_type=\"heading.default\">\n\t\t\t\t<div class=\"elementor-widget-container\">\n\t\t\t\t\t<p class=\"elementor-heading-title elementor-size-default\">Fi\u00e8rement canadienne \u00e0 rayonnement nord-am\u00e9ricain, Maibec est votre partenaire de confiance pour des solutions de rev\u00eatement ext\u00e9rieur durables et de haute qualit\u00e9.<\/p>\t\t\t\t<\/div>\n\t\t\t\t<\/div>\n\t\t\t\t<div class=\"elementor-element elementor-element-51bcacc elementor-widget elementor-widget-heading\" data-id=\"51bcacc\" data-element_type=\"widget\" data-widget_type=\"heading.default\">\n\t\t\t\t<div class=\"elementor-widget-container\">\n\t\t\t\t\t<h2 class=\"elementor-heading-title elementor-size-default\">D\u00e9couvrez notre h\u00e9ritage, nos valeurs et ce qui nous distingue.<\/h2>\t\t\t\t<\/div>\n\t\t\t\t<\/div>\n\t\t\t\t<\/div>\n\t\t\t\t<div class=\"elementor-element elementor-element-5641809 elementor-widget elementor-widget-button\" data-id=\"5641809\" data-element_type=\"widget\" data-widget_type=\"button.default\">\n\t\t\t\t<div class=\"elementor-widget-container\">\n\t\t\t\t\t\t\t\t\t<div class=\"elementor-button-wrapper\">\n\t\t\t\t\t<a class=\"elementor-button elementor-button-link elementor-size-sm\" href=\"https:\/\/maibec.com\/fr\/a-propos\/\" target=\"_blank\">\n\t\t\t\t\t\t<span class=\"elementor-button-content-wrapper\">\n\t\t\t\t\t\t\t\t\t<span class=\"elementor-button-text\">Notre h\u00e9ritage<\/span>\n\t\t\t\t\t<\/span>\n\t\t\t\t\t<\/a>\n\t\t\t\t<\/div>\n\t\t\t\t\t\t\t\t<\/div>\n\t\t\t\t<\/div>\n\t\t\t\t<\/div>\n\t\t\t\t<\/div>\n\t\t\t\t<\/div>\n\t\t\t\t<\/div>\n\t\t","protected":false},"excerpt":{"rendered":"<p>https:\/\/www.youtube.com\/watch?v=XrdbHkAvpnM Maibec, leader en syst\u00e8mes de rev\u00eatement int\u00e9gr\u00e9s pour b\u00e2timents Maibec, une entreprise canadienne, est un chef de file nord-am\u00e9ricain en syst\u00e8mes de rev\u00eatement int\u00e9gr\u00e9s pour b\u00e2timents, offrant des solutions compl\u00e8tes, novatrices et d\u2019une qualit\u00e9 \u00e9prouv\u00e9e. Notre \u00e9quipe Maibec Architectural d\u00e9di\u00e9e au soutien des projets est pr\u00eate \u00e0 r\u00e9pondre \u00e0 vos demandes de produits personnalis\u00e9s [&hellip;]<\/p>\n","protected":false},"author":1,"featured_media":0,"parent":0,"menu_order":0,"comment_status":"closed","ping_status":"closed","template":"","meta":{"_acf_changed":false,"inline_featured_image":false,"footnotes":""},"class_list":["post-2067","page","type-page","status-publish","hentry"],"acf":[],"yoast_head":"<!-- This site is optimized with the Yoast SEO plugin v25.2 - https:\/\/yoast.com\/wordpress\/plugins\/seo\/ -->\n<title>\u00c0 propos - Maibec Alu<\/title>\n<meta name=\"robots\" content=\"index, follow, max-snippet:-1, max-image-preview:large, max-video-preview:-1\" \/>\n<link rel=\"canonical\" href=\"https:\/\/archi.maibec.com\/fr\/a-propos\/\" \/>\n<meta property=\"og:locale\" content=\"fr_FR\" \/>\n<meta property=\"og:type\" content=\"article\" \/>\n<meta property=\"og:title\" content=\"\u00c0 propos - Maibec Alu\" \/>\n<meta property=\"og:description\" content=\"https:\/\/www.youtube.com\/watch?v=XrdbHkAvpnM Maibec, leader en syst\u00e8mes de rev\u00eatement int\u00e9gr\u00e9s pour b\u00e2timents Maibec, une entreprise canadienne, est un chef de file nord-am\u00e9ricain en syst\u00e8mes de rev\u00eatement int\u00e9gr\u00e9s pour b\u00e2timents, offrant des solutions compl\u00e8tes, novatrices et d\u2019une qualit\u00e9 \u00e9prouv\u00e9e. Notre \u00e9quipe Maibec Architectural d\u00e9di\u00e9e au soutien des projets est pr\u00eate \u00e0 r\u00e9pondre \u00e0 vos demandes de produits personnalis\u00e9s [&hellip;]\" \/>\n<meta property=\"og:url\" content=\"https:\/\/archi.maibec.com\/fr\/a-propos\/\" \/>\n<meta property=\"og:site_name\" content=\"Maibec Alu\" \/>\n<meta property=\"article:publisher\" content=\"https:\/\/www.facebook.com\/maibecinc\" \/>\n<meta property=\"article:modified_time\" content=\"2025-06-12T19:41:57+00:00\" \/>\n<meta property=\"og:image\" content=\"https:\/\/archi.maibec.com\/wp-content\/uploads\/elementor\/thumbs\/A-Propos_1400-1-r6kwcpvf9eim6zw4afqj4nxrtydvmy29vx9vgzsv7k.jpg\" \/>\n<meta name=\"twitter:card\" content=\"summary_large_image\" \/>\n<meta name=\"twitter:label1\" content=\"Dur\u00e9e de lecture estim\u00e9e\" \/>\n\t<meta name=\"twitter:data1\" content=\"2 minutes\" \/>\n<script type=\"application\/ld+json\" class=\"yoast-schema-graph\">{\"@context\":\"https:\/\/schema.org\",\"@graph\":[{\"@type\":\"WebPage\",\"@id\":\"https:\/\/archi.maibec.com\/fr\/a-propos\/\",\"url\":\"https:\/\/archi.maibec.com\/fr\/a-propos\/\",\"name\":\"\u00c0 propos - Maibec Alu\",\"isPartOf\":{\"@id\":\"https:\/\/archi.maibec.com\/#website\"},\"primaryImageOfPage\":{\"@id\":\"https:\/\/archi.maibec.com\/fr\/a-propos\/#primaryimage\"},\"image\":{\"@id\":\"https:\/\/archi.maibec.com\/fr\/a-propos\/#primaryimage\"},\"thumbnailUrl\":\"https:\/\/archi.maibec.com\/wp-content\/uploads\/elementor\/thumbs\/A-Propos_1400-1-r6kwcpvf9eim6zw4afqj4nxrtydvmy29vx9vgzsv7k.jpg\",\"datePublished\":\"2024-11-05T16:37:45+00:00\",\"dateModified\":\"2025-06-12T19:41:57+00:00\",\"breadcrumb\":{\"@id\":\"https:\/\/archi.maibec.com\/fr\/a-propos\/#breadcrumb\"},\"inLanguage\":\"fr-FR\",\"potentialAction\":[{\"@type\":\"ReadAction\",\"target\":[\"https:\/\/archi.maibec.com\/fr\/a-propos\/\"]}]},{\"@type\":\"ImageObject\",\"inLanguage\":\"fr-FR\",\"@id\":\"https:\/\/archi.maibec.com\/fr\/a-propos\/#primaryimage\",\"url\":\"https:\/\/archi.maibec.com\/wp-content\/uploads\/elementor\/thumbs\/A-Propos_1400-1-r6kwcpvf9eim6zw4afqj4nxrtydvmy29vx9vgzsv7k.jpg\",\"contentUrl\":\"https:\/\/archi.maibec.com\/wp-content\/uploads\/elementor\/thumbs\/A-Propos_1400-1-r6kwcpvf9eim6zw4afqj4nxrtydvmy29vx9vgzsv7k.jpg\"},{\"@type\":\"BreadcrumbList\",\"@id\":\"https:\/\/archi.maibec.com\/fr\/a-propos\/#breadcrumb\",\"itemListElement\":[{\"@type\":\"ListItem\",\"position\":1,\"name\":\"Accueil\",\"item\":\"https:\/\/archi.maibec.com\/fr\/\"},{\"@type\":\"ListItem\",\"position\":2,\"name\":\"\u00c0 propos\"}]},{\"@type\":\"WebSite\",\"@id\":\"https:\/\/archi.maibec.com\/#website\",\"url\":\"https:\/\/archi.maibec.com\/\",\"name\":\"Maibec\",\"description\":\"\",\"publisher\":{\"@id\":\"https:\/\/archi.maibec.com\/#organization\"},\"potentialAction\":[{\"@type\":\"SearchAction\",\"target\":{\"@type\":\"EntryPoint\",\"urlTemplate\":\"https:\/\/archi.maibec.com\/?s={search_term_string}\"},\"query-input\":{\"@type\":\"PropertyValueSpecification\",\"valueRequired\":true,\"valueName\":\"search_term_string\"}}],\"inLanguage\":\"fr-FR\"},{\"@type\":\"Organization\",\"@id\":\"https:\/\/archi.maibec.com\/#organization\",\"name\":\"Maibec\",\"url\":\"https:\/\/archi.maibec.com\/\",\"logo\":{\"@type\":\"ImageObject\",\"inLanguage\":\"fr-FR\",\"@id\":\"https:\/\/archi.maibec.com\/#\/schema\/logo\/image\/\",\"url\":\"https:\/\/archi.maibec.com\/wp-content\/uploads\/2025\/03\/maibec-logo.png\",\"contentUrl\":\"https:\/\/archi.maibec.com\/wp-content\/uploads\/2025\/03\/maibec-logo.png\",\"width\":1197,\"height\":824,\"caption\":\"Maibec\"},\"image\":{\"@id\":\"https:\/\/archi.maibec.com\/#\/schema\/logo\/image\/\"},\"sameAs\":[\"https:\/\/www.facebook.com\/maibecinc\",\"https:\/\/www.instagram.com\/maibecinc\/\",\"https:\/\/www.youtube.com\/c\/Maibec\",\"https:\/\/ca.linkedin.com\/company\/maibec-inc.\",\"https:\/\/www.houzz.com\/professionals\/building-supplies\/maibec-pfvwus-pf~1737476904\"]}]}<\/script>\n<!-- \/ Yoast SEO plugin. -->","yoast_head_json":{"title":"\u00c0 propos - Maibec Alu","robots":{"index":"index","follow":"follow","max-snippet":"max-snippet:-1","max-image-preview":"max-image-preview:large","max-video-preview":"max-video-preview:-1"},"canonical":"https:\/\/archi.maibec.com\/fr\/a-propos\/","og_locale":"fr_FR","og_type":"article","og_title":"\u00c0 propos - Maibec Alu","og_description":"https:\/\/www.youtube.com\/watch?v=XrdbHkAvpnM Maibec, leader en syst\u00e8mes de rev\u00eatement int\u00e9gr\u00e9s pour b\u00e2timents Maibec, une entreprise canadienne, est un chef de file nord-am\u00e9ricain en syst\u00e8mes de rev\u00eatement int\u00e9gr\u00e9s pour b\u00e2timents, offrant des solutions compl\u00e8tes, novatrices et d\u2019une qualit\u00e9 \u00e9prouv\u00e9e. Notre \u00e9quipe Maibec Architectural d\u00e9di\u00e9e au soutien des projets est pr\u00eate \u00e0 r\u00e9pondre \u00e0 vos demandes de produits personnalis\u00e9s [&hellip;]","og_url":"https:\/\/archi.maibec.com\/fr\/a-propos\/","og_site_name":"Maibec Alu","article_publisher":"https:\/\/www.facebook.com\/maibecinc","article_modified_time":"2025-06-12T19:41:57+00:00","og_image":[{"url":"https:\/\/archi.maibec.com\/wp-content\/uploads\/elementor\/thumbs\/A-Propos_1400-1-r6kwcpvf9eim6zw4afqj4nxrtydvmy29vx9vgzsv7k.jpg","type":"","width":"","height":""}],"twitter_card":"summary_large_image","twitter_misc":{"Dur\u00e9e de lecture estim\u00e9e":"2 minutes"},"schema":{"@context":"https:\/\/schema.org","@graph":[{"@type":"WebPage","@id":"https:\/\/archi.maibec.com\/fr\/a-propos\/","url":"https:\/\/archi.maibec.com\/fr\/a-propos\/","name":"\u00c0 propos - Maibec Alu","isPartOf":{"@id":"https:\/\/archi.maibec.com\/#website"},"primaryImageOfPage":{"@id":"https:\/\/archi.maibec.com\/fr\/a-propos\/#primaryimage"},"image":{"@id":"https:\/\/archi.maibec.com\/fr\/a-propos\/#primaryimage"},"thumbnailUrl":"https:\/\/archi.maibec.com\/wp-content\/uploads\/elementor\/thumbs\/A-Propos_1400-1-r6kwcpvf9eim6zw4afqj4nxrtydvmy29vx9vgzsv7k.jpg","datePublished":"2024-11-05T16:37:45+00:00","dateModified":"2025-06-12T19:41:57+00:00","breadcrumb":{"@id":"https:\/\/archi.maibec.com\/fr\/a-propos\/#breadcrumb"},"inLanguage":"fr-FR","potentialAction":[{"@type":"ReadAction","target":["https:\/\/archi.maibec.com\/fr\/a-propos\/"]}]},{"@type":"ImageObject","inLanguage":"fr-FR","@id":"https:\/\/archi.maibec.com\/fr\/a-propos\/#primaryimage","url":"https:\/\/archi.maibec.com\/wp-content\/uploads\/elementor\/thumbs\/A-Propos_1400-1-r6kwcpvf9eim6zw4afqj4nxrtydvmy29vx9vgzsv7k.jpg","contentUrl":"https:\/\/archi.maibec.com\/wp-content\/uploads\/elementor\/thumbs\/A-Propos_1400-1-r6kwcpvf9eim6zw4afqj4nxrtydvmy29vx9vgzsv7k.jpg"},{"@type":"BreadcrumbList","@id":"https:\/\/archi.maibec.com\/fr\/a-propos\/#breadcrumb","itemListElement":[{"@type":"ListItem","position":1,"name":"Accueil","item":"https:\/\/archi.maibec.com\/fr\/"},{"@type":"ListItem","position":2,"name":"\u00c0 propos"}]},{"@type":"WebSite","@id":"https:\/\/archi.maibec.com\/#website","url":"https:\/\/archi.maibec.com\/","name":"Maibec","description":"","publisher":{"@id":"https:\/\/archi.maibec.com\/#organization"},"potentialAction":[{"@type":"SearchAction","target":{"@type":"EntryPoint","urlTemplate":"https:\/\/archi.maibec.com\/?s={search_term_string}"},"query-input":{"@type":"PropertyValueSpecification","valueRequired":true,"valueName":"search_term_string"}}],"inLanguage":"fr-FR"},{"@type":"Organization","@id":"https:\/\/archi.maibec.com\/#organization","name":"Maibec","url":"https:\/\/archi.maibec.com\/","logo":{"@type":"ImageObject","inLanguage":"fr-FR","@id":"https:\/\/archi.maibec.com\/#\/schema\/logo\/image\/","url":"https:\/\/archi.maibec.com\/wp-content\/uploads\/2025\/03\/maibec-logo.png","contentUrl":"https:\/\/archi.maibec.com\/wp-content\/uploads\/2025\/03\/maibec-logo.png","width":1197,"height":824,"caption":"Maibec"},"image":{"@id":"https:\/\/archi.maibec.com\/#\/schema\/logo\/image\/"},"sameAs":["https:\/\/www.facebook.com\/maibecinc","https:\/\/www.instagram.com\/maibecinc\/","https:\/\/www.youtube.com\/c\/Maibec","https:\/\/ca.linkedin.com\/company\/maibec-inc.","https:\/\/www.houzz.com\/professionals\/building-supplies\/maibec-pfvwus-pf~1737476904"]}]}},"_links":{"self":[{"href":"https:\/\/archi.maibec.com\/fr\/wp-json\/wp\/v2\/pages\/2067","targetHints":{"allow":["GET"]}}],"collection":[{"href":"https:\/\/archi.maibec.com\/fr\/wp-json\/wp\/v2\/pages"}],"about":[{"href":"https:\/\/archi.maibec.com\/fr\/wp-json\/wp\/v2\/types\/page"}],"author":[{"embeddable":true,"href":"https:\/\/archi.maibec.com\/fr\/wp-json\/wp\/v2\/users\/1"}],"replies":[{"embeddable":true,"href":"https:\/\/archi.maibec.com\/fr\/wp-json\/wp\/v2\/comments?post=2067"}],"version-history":[{"count":0,"href":"https:\/\/archi.maibec.com\/fr\/wp-json\/wp\/v2\/pages\/2067\/revisions"}],"wp:attachment":[{"href":"https:\/\/archi.maibec.com\/fr\/wp-json\/wp\/v2\/media?parent=2067"}],"curies":[{"name":"wp","href":"https:\/\/api.w.org\/{rel}","templated":true}]}}