{"id":2112,"date":"2025-03-28T14:57:40","date_gmt":"2025-03-28T18:57:40","guid":{"rendered":"https:\/\/archi.maibec.com\/services\/"},"modified":"2025-07-03T11:03:29","modified_gmt":"2025-07-03T15:03:29","slug":"services","status":"publish","type":"page","link":"https:\/\/archi.maibec.com\/fr\/services\/","title":{"rendered":"Services"},"content":{"rendered":"\t\t<div data-elementor-type=\"wp-page\" data-elementor-id=\"2112\" class=\"elementor elementor-2112 elementor-1941\" data-elementor-post-type=\"page\">\n\t\t\t\t<div class=\"elementor-element elementor-element-ca120e6 e-con-full e-flex e-con e-parent\" data-id=\"ca120e6\" data-element_type=\"container\">\n\t\t<div class=\"elementor-element elementor-element-4318e94 e-con-full container e-flex e-con e-child\" data-id=\"4318e94\" data-element_type=\"container\">\n\t\t<div class=\"elementor-element elementor-element-aaa8f44 e-con-full maibec-header-border e-flex e-con e-child\" data-id=\"aaa8f44\" data-element_type=\"container\">\n\t\t\t\t<div class=\"elementor-element elementor-element-2683b99 elementor-widget elementor-widget-image\" data-id=\"2683b99\" data-element_type=\"widget\" data-widget_type=\"image.default\">\n\t\t\t\t<div class=\"elementor-widget-container\">\n\t\t\t\t\t\t\t\t\t\t\t\t\t\t\t<img fetchpriority=\"high\" decoding=\"async\" width=\"1400\" height=\"400\" src=\"https:\/\/archi.maibec.com\/wp-content\/uploads\/2025\/06\/Header-Services.png\" class=\"attachment-full size-full wp-image-5246\" alt=\"\" srcset=\"https:\/\/archi.maibec.com\/wp-content\/uploads\/2025\/06\/Header-Services.png 1400w, https:\/\/archi.maibec.com\/wp-content\/uploads\/2025\/06\/Header-Services-300x86.png 300w, https:\/\/archi.maibec.com\/wp-content\/uploads\/2025\/06\/Header-Services-1024x293.png 1024w, https:\/\/archi.maibec.com\/wp-content\/uploads\/2025\/06\/Header-Services-768x219.png 768w, https:\/\/archi.maibec.com\/wp-content\/uploads\/2025\/06\/Header-Services-350x100.png 350w\" sizes=\"(max-width: 1400px) 100vw, 1400px\" \/>\t\t\t\t\t\t\t\t\t\t\t\t\t\t\t<\/div>\n\t\t\t\t<\/div>\n\t\t\t\t<\/div>\n\t\t\t\t<\/div>\n\t\t<div class=\"elementor-element elementor-element-9cd0ca2 e-con-full container e-flex e-con e-child\" data-id=\"9cd0ca2\" data-element_type=\"container\">\n\t\t\t\t<div class=\"elementor-element elementor-element-a7b0ca3 elementor-widget elementor-widget-breadcrumbs\" data-id=\"a7b0ca3\" data-element_type=\"widget\" data-widget_type=\"breadcrumbs.default\">\n\t\t\t\t<div class=\"elementor-widget-container\">\n\t\t\t\t\t<p id=\"breadcrumbs\"><span><span><a href=\"https:\/\/archi.maibec.com\/fr\/\">Accueil<\/a><\/span><\/span><\/p>\t\t\t\t<\/div>\n\t\t\t\t<\/div>\n\t\t\t\t<\/div>\n\t\t<div class=\"elementor-element elementor-element-9460815 e-con-full container e-flex e-con e-child\" data-id=\"9460815\" data-element_type=\"container\">\n\t\t<div class=\"elementor-element elementor-element-472890e e-con-full e-flex e-con e-child\" data-id=\"472890e\" data-element_type=\"container\">\n\t\t\t\t<div class=\"elementor-element elementor-element-d26df40 elementor-widget elementor-widget-heading\" data-id=\"d26df40\" data-element_type=\"widget\" data-widget_type=\"heading.default\">\n\t\t\t\t<div class=\"elementor-widget-container\">\n\t\t\t\t\t<h1 class=\"elementor-heading-title elementor-size-default\">Nos services<\/h1>\t\t\t\t<\/div>\n\t\t\t\t<\/div>\n\t\t\t\t<div class=\"elementor-element elementor-element-7dc4c1d elementor-widget elementor-widget-text-editor\" data-id=\"7dc4c1d\" data-element_type=\"widget\" data-widget_type=\"text-editor.default\">\n\t\t\t\t<div class=\"elementor-widget-container\">\n\t\t\t\t\t\t\t\t\t<p>Plus qu&rsquo;une entreprise, un partenaire<\/p>\n\t\t\t\t\t\t\t\t<\/div>\n\t\t\t\t<\/div>\n\t\t\t\t<\/div>\n\t\t\t\t<\/div>\n\t\t\t\t<\/div>\n\t\t<div class=\"elementor-element elementor-element-771244e e-con-full e-flex e-con e-parent\" data-id=\"771244e\" data-element_type=\"container\">\n\t\t<div class=\"elementor-element elementor-element-2636b87 e-con-full container e-flex e-con e-child\" data-id=\"2636b87\" data-element_type=\"container\">\n\t\t<div class=\"elementor-element elementor-element-7585828 e-con-full e-flex e-con e-child\" data-id=\"7585828\" data-element_type=\"container\">\n\t\t\t\t<div class=\"elementor-element elementor-element-09449ca elementor-widget elementor-widget-image\" data-id=\"09449ca\" data-element_type=\"widget\" data-widget_type=\"image.default\">\n\t\t\t\t<div class=\"elementor-widget-container\">\n\t\t\t\t\t\t\t\t\t\t\t\t\t\t\t<img decoding=\"async\" width=\"900\" height=\"600\" src=\"https:\/\/archi.maibec.com\/wp-content\/uploads\/2025\/06\/Maibec-CreditPhotoDrowster-900x600-1.jpg\" class=\"attachment-large size-large wp-image-5534\" alt=\"Tai\" srcset=\"https:\/\/archi.maibec.com\/wp-content\/uploads\/2025\/06\/Maibec-CreditPhotoDrowster-900x600-1.jpg 900w, https:\/\/archi.maibec.com\/wp-content\/uploads\/2025\/06\/Maibec-CreditPhotoDrowster-900x600-1-300x200.jpg 300w, https:\/\/archi.maibec.com\/wp-content\/uploads\/2025\/06\/Maibec-CreditPhotoDrowster-900x600-1-768x512.jpg 768w, https:\/\/archi.maibec.com\/wp-content\/uploads\/2025\/06\/Maibec-CreditPhotoDrowster-900x600-1-860x572.jpg 860w\" sizes=\"(max-width: 900px) 100vw, 900px\" \/>\t\t\t\t\t\t\t\t\t\t\t\t\t\t\t<\/div>\n\t\t\t\t<\/div>\n\t\t\t\t<div class=\"elementor-element elementor-element-7caca06 elementor-widget elementor-widget-text-editor\" data-id=\"7caca06\" data-element_type=\"widget\" data-widget_type=\"text-editor.default\">\n\t\t\t\t<div class=\"elementor-widget-container\">\n\t\t\t\t\t\t\t\t\t<div class=\"heading-text\"><h4>Prise en charge<\/h4><p class=\"whitespace-normal break-words\">Travailler avec l&rsquo;\u00e9quipe Maibec Architectural, c&rsquo;est avoir l&rsquo;assurance que votre projet de construction commercial, institutionnel ou industriel sera r\u00e9alis\u00e9 efficacement ! Dans cette optique, nous avons cr\u00e9\u00e9 une vaste gamme de services pour vous accompagner dans tous les aspects de votre projet, de sa conception \u00e0 sa construction, et m\u00eame apr\u00e8s sa r\u00e9alisation.<\/p><\/div>\t\t\t\t\t\t\t\t<\/div>\n\t\t\t\t<\/div>\n\t\t\t\t<\/div>\n\t\t<div class=\"elementor-element elementor-element-7edd545 e-con-full e-flex e-con e-child\" data-id=\"7edd545\" data-element_type=\"container\">\n\t\t\t\t<div class=\"elementor-element elementor-element-8ea33d3 elementor-widget elementor-widget-image\" data-id=\"8ea33d3\" data-element_type=\"widget\" data-widget_type=\"image.default\">\n\t\t\t\t<div class=\"elementor-widget-container\">\n\t\t\t\t\t\t\t\t\t\t\t\t\t\t\t<img decoding=\"async\" width=\"900\" height=\"600\" src=\"https:\/\/archi.maibec.com\/wp-content\/uploads\/2025\/05\/commande-et-livraison-homme-construction-plan-1.webp\" class=\"attachment-large size-large wp-image-4548\" alt=\"\" srcset=\"https:\/\/archi.maibec.com\/wp-content\/uploads\/2025\/05\/commande-et-livraison-homme-construction-plan-1.webp 900w, https:\/\/archi.maibec.com\/wp-content\/uploads\/2025\/05\/commande-et-livraison-homme-construction-plan-1-300x200.webp 300w, https:\/\/archi.maibec.com\/wp-content\/uploads\/2025\/05\/commande-et-livraison-homme-construction-plan-1-768x512.webp 768w, https:\/\/archi.maibec.com\/wp-content\/uploads\/2025\/05\/commande-et-livraison-homme-construction-plan-1-860x572.webp 860w\" sizes=\"(max-width: 900px) 100vw, 900px\" \/>\t\t\t\t\t\t\t\t\t\t\t\t\t\t\t<\/div>\n\t\t\t\t<\/div>\n\t\t\t\t<div class=\"elementor-element elementor-element-3c18709 elementor-widget elementor-widget-text-editor\" data-id=\"3c18709\" data-element_type=\"widget\" data-widget_type=\"text-editor.default\">\n\t\t\t\t<div class=\"elementor-widget-container\">\n\t\t\t\t\t\t\t\t\t<div class=\"heading-text\"><h4 class=\"heading-type heading-color font-size-\">Accompagnement personnalis\u00e9<\/h4><\/div><div class=\"mb-50\"><p>D\u00e8s le d\u00e9but de votre projet avec nous, votre demande sera confi\u00e9e \u00e0 une personne-ressource d\u00e9di\u00e9e qui demeurera avec vous tout au long de notre collaboration. Cela assure une relation solide, nous permettant de mieux comprendre vos besoins et de r\u00e9pondre rapidement \u00e0 vos questions.<\/p><\/div>\t\t\t\t\t\t\t\t<\/div>\n\t\t\t\t<\/div>\n\t\t\t\t<\/div>\n\t\t\t\t<\/div>\n\t\t\t\t<\/div>\n\t\t<div class=\"elementor-element elementor-element-4ef83f5 e-con-full e-flex e-con e-parent\" data-id=\"4ef83f5\" data-element_type=\"container\">\n\t\t<div class=\"elementor-element elementor-element-c1f3486 e-con-full container e-flex e-con e-child\" data-id=\"c1f3486\" data-element_type=\"container\">\n\t\t<div class=\"elementor-element elementor-element-7b85907 e-con-full e-flex e-con e-child\" data-id=\"7b85907\" data-element_type=\"container\">\n\t\t\t\t<div class=\"elementor-element elementor-element-b7a7d2e elementor-widget elementor-widget-image\" data-id=\"b7a7d2e\" data-element_type=\"widget\" data-widget_type=\"image.default\">\n\t\t\t\t<div class=\"elementor-widget-container\">\n\t\t\t\t\t\t\t\t\t\t\t\t\t\t\t<img loading=\"lazy\" decoding=\"async\" width=\"900\" height=\"600\" src=\"https:\/\/archi.maibec.com\/wp-content\/uploads\/2025\/05\/Femme-chantier-construction-1.webp\" class=\"attachment-large size-large wp-image-4551\" alt=\"\" srcset=\"https:\/\/archi.maibec.com\/wp-content\/uploads\/2025\/05\/Femme-chantier-construction-1.webp 900w, https:\/\/archi.maibec.com\/wp-content\/uploads\/2025\/05\/Femme-chantier-construction-1-300x200.webp 300w, https:\/\/archi.maibec.com\/wp-content\/uploads\/2025\/05\/Femme-chantier-construction-1-768x512.webp 768w, https:\/\/archi.maibec.com\/wp-content\/uploads\/2025\/05\/Femme-chantier-construction-1-860x572.webp 860w\" sizes=\"(max-width: 900px) 100vw, 900px\" \/>\t\t\t\t\t\t\t\t\t\t\t\t\t\t\t<\/div>\n\t\t\t\t<\/div>\n\t\t\t\t<div class=\"elementor-element elementor-element-1c81b66 elementor-widget elementor-widget-text-editor\" data-id=\"1c81b66\" data-element_type=\"widget\" data-widget_type=\"text-editor.default\">\n\t\t\t\t<div class=\"elementor-widget-container\">\n\t\t\t\t\t\t\t\t\t<div class=\"heading-text\"><h4>Livraison sur chantier<\/h4><p class=\"whitespace-normal break-words\">Simple, rapide et sans interm\u00e9diaires !<\/p><p class=\"whitespace-normal break-words\">Notre service de livraison directe vous permet de choisir le moment pr\u00e9cis o\u00f9 vous souhaitez recevoir vos panneaux ou planches directement sur votre chantier.<\/p><\/div>\t\t\t\t\t\t\t\t<\/div>\n\t\t\t\t<\/div>\n\t\t\t\t<\/div>\n\t\t<div class=\"elementor-element elementor-element-daf3186 e-con-full e-flex e-con e-child\" data-id=\"daf3186\" data-element_type=\"container\">\n\t\t\t\t<div class=\"elementor-element elementor-element-44bc646 elementor-widget elementor-widget-image\" data-id=\"44bc646\" data-element_type=\"widget\" data-widget_type=\"image.default\">\n\t\t\t\t<div class=\"elementor-widget-container\">\n\t\t\t\t\t\t\t\t\t\t\t\t\t\t\t<img loading=\"lazy\" decoding=\"async\" width=\"1024\" height=\"683\" src=\"https:\/\/archi.maibec.com\/wp-content\/uploads\/2025\/05\/conception-de-plan-homme-t-shirt-marron-ordinateur-1-1024x683.webp\" class=\"attachment-large size-large wp-image-4554\" alt=\"\" srcset=\"https:\/\/archi.maibec.com\/wp-content\/uploads\/2025\/05\/conception-de-plan-homme-t-shirt-marron-ordinateur-1-1024x683.webp 1024w, https:\/\/archi.maibec.com\/wp-content\/uploads\/2025\/05\/conception-de-plan-homme-t-shirt-marron-ordinateur-1-300x200.webp 300w, https:\/\/archi.maibec.com\/wp-content\/uploads\/2025\/05\/conception-de-plan-homme-t-shirt-marron-ordinateur-1-768x512.webp 768w, https:\/\/archi.maibec.com\/wp-content\/uploads\/2025\/05\/conception-de-plan-homme-t-shirt-marron-ordinateur-1-1536x1024.webp 1536w, https:\/\/archi.maibec.com\/wp-content\/uploads\/2025\/05\/conception-de-plan-homme-t-shirt-marron-ordinateur-1.webp 1920w\" sizes=\"(max-width: 1024px) 100vw, 1024px\" \/>\t\t\t\t\t\t\t\t\t\t\t\t\t\t\t<\/div>\n\t\t\t\t<\/div>\n\t\t\t\t<div class=\"elementor-element elementor-element-55f81bf elementor-widget elementor-widget-text-editor\" data-id=\"55f81bf\" data-element_type=\"widget\" data-widget_type=\"text-editor.default\">\n\t\t\t\t<div class=\"elementor-widget-container\">\n\t\t\t\t\t\t\t\t\t<div class=\"heading-text\"><h4 class=\"whitespace-normal break-words\">Solutions couleurs personnalis\u00e9es<\/h4><p class=\"whitespace-normal break-words\">Nos sp\u00e9cialistes en couleur et notre \u00e9quipe de design graphique peuvent personnaliser n&rsquo;importe quelle couleur ou texture pour l&rsquo;impression haute d\u00e9finition. Vous avez une vision en t\u00eate ? Contactez-nous et nous la concr\u00e9tiserons.<\/p><\/div>\t\t\t\t\t\t\t\t<\/div>\n\t\t\t\t<\/div>\n\t\t\t\t<\/div>\n\t\t\t\t<\/div>\n\t\t\t\t<\/div>\n\t\t<div class=\"elementor-element elementor-element-554c046 e-con-full e-flex e-con e-parent\" data-id=\"554c046\" data-element_type=\"container\" data-settings=\"{&quot;background_background&quot;:&quot;classic&quot;}\">\n\t\t<div class=\"elementor-element elementor-element-70b9a62 e-con-full container e-flex e-con e-child\" data-id=\"70b9a62\" data-element_type=\"container\">\n\t\t<div class=\"elementor-element elementor-element-56c8d2e e-con-full e-flex e-con e-child\" data-id=\"56c8d2e\" data-element_type=\"container\">\n\t\t<div class=\"elementor-element elementor-element-92fcbb6 e-con-full e-flex e-con e-child\" data-id=\"92fcbb6\" data-element_type=\"container\">\n\t\t\t\t<div class=\"elementor-element elementor-element-f3e9ce6 elementor-widget elementor-widget-heading\" data-id=\"f3e9ce6\" data-element_type=\"widget\" data-widget_type=\"heading.default\">\n\t\t\t\t<div class=\"elementor-widget-container\">\n\t\t\t\t\t<p class=\"elementor-heading-title elementor-size-default\">Besoin de plus d'informations sur nos services ?<\/p>\t\t\t\t<\/div>\n\t\t\t\t<\/div>\n\t\t\t\t<div class=\"elementor-element elementor-element-e866891 elementor-widget elementor-widget-heading\" data-id=\"e866891\" data-element_type=\"widget\" data-widget_type=\"heading.default\">\n\t\t\t\t<div class=\"elementor-widget-container\">\n\t\t\t\t\t<h2 class=\"elementor-heading-title elementor-size-default\">Aucun probl\u00e8me, discutons-en et trouvons la solution !<\/h2>\t\t\t\t<\/div>\n\t\t\t\t<\/div>\n\t\t\t\t<\/div>\n\t\t\t\t<div class=\"elementor-element elementor-element-68f0f2e elementor-widget elementor-widget-button\" data-id=\"68f0f2e\" data-element_type=\"widget\" data-widget_type=\"button.default\">\n\t\t\t\t<div class=\"elementor-widget-container\">\n\t\t\t\t\t\t\t\t\t<div class=\"elementor-button-wrapper\">\n\t\t\t\t\t<a class=\"elementor-button elementor-button-link elementor-size-sm\" href=\"https:\/\/archi.maibec.com\/fr\/contact\/\">\n\t\t\t\t\t\t<span class=\"elementor-button-content-wrapper\">\n\t\t\t\t\t\t\t\t\t<span class=\"elementor-button-text\">Contactez-nous<\/span>\n\t\t\t\t\t<\/span>\n\t\t\t\t\t<\/a>\n\t\t\t\t<\/div>\n\t\t\t\t\t\t\t\t<\/div>\n\t\t\t\t<\/div>\n\t\t\t\t<\/div>\n\t\t\t\t<\/div>\n\t\t\t\t<\/div>\n\t\t\t\t<\/div>\n\t\t","protected":false},"excerpt":{"rendered":"<p>Prise en charge Travailler avec l&rsquo;\u00e9quipe Maibec Architectural, c&rsquo;est avoir l&rsquo;assurance que votre projet de construction commercial, institutionnel ou industriel sera r\u00e9alis\u00e9 efficacement ! Dans cette optique, nous avons cr\u00e9\u00e9 une vaste gamme de services pour vous accompagner dans tous les aspects de votre projet, de sa conception \u00e0 sa construction, et m\u00eame apr\u00e8s sa [&hellip;]<\/p>\n","protected":false},"author":1,"featured_media":0,"parent":0,"menu_order":0,"comment_status":"closed","ping_status":"closed","template":"","meta":{"_acf_changed":false,"inline_featured_image":false,"footnotes":""},"class_list":["post-2112","page","type-page","status-publish","hentry"],"acf":[],"yoast_head":"<!-- This site is optimized with the Yoast SEO plugin v25.2 - https:\/\/yoast.com\/wordpress\/plugins\/seo\/ -->\n<title>Services - Maibec Alu<\/title>\n<meta name=\"robots\" content=\"index, follow, max-snippet:-1, max-image-preview:large, max-video-preview:-1\" \/>\n<link rel=\"canonical\" href=\"https:\/\/archi.maibec.com\/services\/\" \/>\n<meta property=\"og:locale\" content=\"fr_FR\" \/>\n<meta property=\"og:type\" content=\"article\" \/>\n<meta property=\"og:title\" content=\"Services - Maibec Alu\" \/>\n<meta property=\"og:description\" content=\"Prise en charge Travailler avec l&rsquo;\u00e9quipe Maibec Architectural, c&rsquo;est avoir l&rsquo;assurance que votre projet de construction commercial, institutionnel ou industriel sera r\u00e9alis\u00e9 efficacement ! Dans cette optique, nous avons cr\u00e9\u00e9 une vaste gamme de services pour vous accompagner dans tous les aspects de votre projet, de sa conception \u00e0 sa construction, et m\u00eame apr\u00e8s sa [&hellip;]\" \/>\n<meta property=\"og:url\" content=\"https:\/\/archi.maibec.com\/services\/\" \/>\n<meta property=\"og:site_name\" content=\"Maibec Alu\" \/>\n<meta property=\"article:publisher\" content=\"https:\/\/www.facebook.com\/maibecinc\" \/>\n<meta property=\"article:modified_time\" content=\"2025-07-03T15:03:29+00:00\" \/>\n<meta property=\"og:image\" content=\"https:\/\/archi.maibec.com\/wp-content\/uploads\/2025\/06\/Header-Services.png\" \/>\n\t<meta property=\"og:image:width\" content=\"1400\" \/>\n\t<meta property=\"og:image:height\" content=\"400\" \/>\n\t<meta property=\"og:image:type\" content=\"image\/png\" \/>\n<meta name=\"twitter:card\" content=\"summary_large_image\" \/>\n<meta name=\"twitter:label1\" content=\"Dur\u00e9e de lecture estim\u00e9e\" \/>\n\t<meta name=\"twitter:data1\" content=\"2 minutes\" \/>\n<script type=\"application\/ld+json\" class=\"yoast-schema-graph\">{\"@context\":\"https:\/\/schema.org\",\"@graph\":[{\"@type\":\"WebPage\",\"@id\":\"https:\/\/archi.maibec.com\/services\/\",\"url\":\"https:\/\/archi.maibec.com\/services\/\",\"name\":\"Services - Maibec Alu\",\"isPartOf\":{\"@id\":\"https:\/\/archi.maibec.com\/#website\"},\"primaryImageOfPage\":{\"@id\":\"https:\/\/archi.maibec.com\/services\/#primaryimage\"},\"image\":{\"@id\":\"https:\/\/archi.maibec.com\/services\/#primaryimage\"},\"thumbnailUrl\":\"https:\/\/archi.maibec.com\/wp-content\/uploads\/2025\/06\/Header-Services.png\",\"datePublished\":\"2025-03-28T18:57:40+00:00\",\"dateModified\":\"2025-07-03T15:03:29+00:00\",\"breadcrumb\":{\"@id\":\"https:\/\/archi.maibec.com\/services\/#breadcrumb\"},\"inLanguage\":\"fr-FR\",\"potentialAction\":[{\"@type\":\"ReadAction\",\"target\":[\"https:\/\/archi.maibec.com\/services\/\"]}]},{\"@type\":\"ImageObject\",\"inLanguage\":\"fr-FR\",\"@id\":\"https:\/\/archi.maibec.com\/services\/#primaryimage\",\"url\":\"https:\/\/archi.maibec.com\/wp-content\/uploads\/2025\/06\/Header-Services.png\",\"contentUrl\":\"https:\/\/archi.maibec.com\/wp-content\/uploads\/2025\/06\/Header-Services.png\"},{\"@type\":\"BreadcrumbList\",\"@id\":\"https:\/\/archi.maibec.com\/services\/#breadcrumb\",\"itemListElement\":[{\"@type\":\"ListItem\",\"position\":1,\"name\":\"Accueil\",\"item\":\"https:\/\/archi.maibec.com\/fr\/\"},{\"@type\":\"ListItem\",\"position\":2,\"name\":\"Services\"}]},{\"@type\":\"WebSite\",\"@id\":\"https:\/\/archi.maibec.com\/#website\",\"url\":\"https:\/\/archi.maibec.com\/\",\"name\":\"Maibec\",\"description\":\"\",\"publisher\":{\"@id\":\"https:\/\/archi.maibec.com\/#organization\"},\"potentialAction\":[{\"@type\":\"SearchAction\",\"target\":{\"@type\":\"EntryPoint\",\"urlTemplate\":\"https:\/\/archi.maibec.com\/?s={search_term_string}\"},\"query-input\":{\"@type\":\"PropertyValueSpecification\",\"valueRequired\":true,\"valueName\":\"search_term_string\"}}],\"inLanguage\":\"fr-FR\"},{\"@type\":\"Organization\",\"@id\":\"https:\/\/archi.maibec.com\/#organization\",\"name\":\"Maibec\",\"url\":\"https:\/\/archi.maibec.com\/\",\"logo\":{\"@type\":\"ImageObject\",\"inLanguage\":\"fr-FR\",\"@id\":\"https:\/\/archi.maibec.com\/#\/schema\/logo\/image\/\",\"url\":\"https:\/\/archi.maibec.com\/wp-content\/uploads\/2025\/03\/maibec-logo.png\",\"contentUrl\":\"https:\/\/archi.maibec.com\/wp-content\/uploads\/2025\/03\/maibec-logo.png\",\"width\":1197,\"height\":824,\"caption\":\"Maibec\"},\"image\":{\"@id\":\"https:\/\/archi.maibec.com\/#\/schema\/logo\/image\/\"},\"sameAs\":[\"https:\/\/www.facebook.com\/maibecinc\",\"https:\/\/www.instagram.com\/maibecinc\/\",\"https:\/\/www.youtube.com\/c\/Maibec\",\"https:\/\/ca.linkedin.com\/company\/maibec-inc.\",\"https:\/\/www.houzz.com\/professionals\/building-supplies\/maibec-pfvwus-pf~1737476904\"]}]}<\/script>\n<!-- \/ Yoast SEO plugin. -->","yoast_head_json":{"title":"Services - Maibec Alu","robots":{"index":"index","follow":"follow","max-snippet":"max-snippet:-1","max-image-preview":"max-image-preview:large","max-video-preview":"max-video-preview:-1"},"canonical":"https:\/\/archi.maibec.com\/services\/","og_locale":"fr_FR","og_type":"article","og_title":"Services - Maibec Alu","og_description":"Prise en charge Travailler avec l&rsquo;\u00e9quipe Maibec Architectural, c&rsquo;est avoir l&rsquo;assurance que votre projet de construction commercial, institutionnel ou industriel sera r\u00e9alis\u00e9 efficacement ! Dans cette optique, nous avons cr\u00e9\u00e9 une vaste gamme de services pour vous accompagner dans tous les aspects de votre projet, de sa conception \u00e0 sa construction, et m\u00eame apr\u00e8s sa [&hellip;]","og_url":"https:\/\/archi.maibec.com\/services\/","og_site_name":"Maibec Alu","article_publisher":"https:\/\/www.facebook.com\/maibecinc","article_modified_time":"2025-07-03T15:03:29+00:00","og_image":[{"width":1400,"height":400,"url":"https:\/\/archi.maibec.com\/wp-content\/uploads\/2025\/06\/Header-Services.png","type":"image\/png"}],"twitter_card":"summary_large_image","twitter_misc":{"Dur\u00e9e de lecture estim\u00e9e":"2 minutes"},"schema":{"@context":"https:\/\/schema.org","@graph":[{"@type":"WebPage","@id":"https:\/\/archi.maibec.com\/services\/","url":"https:\/\/archi.maibec.com\/services\/","name":"Services - Maibec Alu","isPartOf":{"@id":"https:\/\/archi.maibec.com\/#website"},"primaryImageOfPage":{"@id":"https:\/\/archi.maibec.com\/services\/#primaryimage"},"image":{"@id":"https:\/\/archi.maibec.com\/services\/#primaryimage"},"thumbnailUrl":"https:\/\/archi.maibec.com\/wp-content\/uploads\/2025\/06\/Header-Services.png","datePublished":"2025-03-28T18:57:40+00:00","dateModified":"2025-07-03T15:03:29+00:00","breadcrumb":{"@id":"https:\/\/archi.maibec.com\/services\/#breadcrumb"},"inLanguage":"fr-FR","potentialAction":[{"@type":"ReadAction","target":["https:\/\/archi.maibec.com\/services\/"]}]},{"@type":"ImageObject","inLanguage":"fr-FR","@id":"https:\/\/archi.maibec.com\/services\/#primaryimage","url":"https:\/\/archi.maibec.com\/wp-content\/uploads\/2025\/06\/Header-Services.png","contentUrl":"https:\/\/archi.maibec.com\/wp-content\/uploads\/2025\/06\/Header-Services.png"},{"@type":"BreadcrumbList","@id":"https:\/\/archi.maibec.com\/services\/#breadcrumb","itemListElement":[{"@type":"ListItem","position":1,"name":"Accueil","item":"https:\/\/archi.maibec.com\/fr\/"},{"@type":"ListItem","position":2,"name":"Services"}]},{"@type":"WebSite","@id":"https:\/\/archi.maibec.com\/#website","url":"https:\/\/archi.maibec.com\/","name":"Maibec","description":"","publisher":{"@id":"https:\/\/archi.maibec.com\/#organization"},"potentialAction":[{"@type":"SearchAction","target":{"@type":"EntryPoint","urlTemplate":"https:\/\/archi.maibec.com\/?s={search_term_string}"},"query-input":{"@type":"PropertyValueSpecification","valueRequired":true,"valueName":"search_term_string"}}],"inLanguage":"fr-FR"},{"@type":"Organization","@id":"https:\/\/archi.maibec.com\/#organization","name":"Maibec","url":"https:\/\/archi.maibec.com\/","logo":{"@type":"ImageObject","inLanguage":"fr-FR","@id":"https:\/\/archi.maibec.com\/#\/schema\/logo\/image\/","url":"https:\/\/archi.maibec.com\/wp-content\/uploads\/2025\/03\/maibec-logo.png","contentUrl":"https:\/\/archi.maibec.com\/wp-content\/uploads\/2025\/03\/maibec-logo.png","width":1197,"height":824,"caption":"Maibec"},"image":{"@id":"https:\/\/archi.maibec.com\/#\/schema\/logo\/image\/"},"sameAs":["https:\/\/www.facebook.com\/maibecinc","https:\/\/www.instagram.com\/maibecinc\/","https:\/\/www.youtube.com\/c\/Maibec","https:\/\/ca.linkedin.com\/company\/maibec-inc.","https:\/\/www.houzz.com\/professionals\/building-supplies\/maibec-pfvwus-pf~1737476904"]}]}},"_links":{"self":[{"href":"https:\/\/archi.maibec.com\/fr\/wp-json\/wp\/v2\/pages\/2112","targetHints":{"allow":["GET"]}}],"collection":[{"href":"https:\/\/archi.maibec.com\/fr\/wp-json\/wp\/v2\/pages"}],"about":[{"href":"https:\/\/archi.maibec.com\/fr\/wp-json\/wp\/v2\/types\/page"}],"author":[{"embeddable":true,"href":"https:\/\/archi.maibec.com\/fr\/wp-json\/wp\/v2\/users\/1"}],"replies":[{"embeddable":true,"href":"https:\/\/archi.maibec.com\/fr\/wp-json\/wp\/v2\/comments?post=2112"}],"version-history":[{"count":0,"href":"https:\/\/archi.maibec.com\/fr\/wp-json\/wp\/v2\/pages\/2112\/revisions"}],"wp:attachment":[{"href":"https:\/\/archi.maibec.com\/fr\/wp-json\/wp\/v2\/media?parent=2112"}],"curies":[{"name":"wp","href":"https:\/\/api.w.org\/{rel}","templated":true}]}}