{"id":2116,"date":"2025-03-28T15:18:30","date_gmt":"2025-03-28T19:18:30","guid":{"rendered":"https:\/\/archi.maibec.com\/textures-couleurs\/painted-aluminum\/"},"modified":"2025-06-12T18:27:32","modified_gmt":"2025-06-12T22:27:32","slug":"impression-haute-definition","status":"publish","type":"page","link":"https:\/\/archi.maibec.com\/fr\/couleurs-et-finis\/impression-haute-definition\/","title":{"rendered":"Impression Haute-D\u00e9finition"},"content":{"rendered":"\t\t<div data-elementor-type=\"wp-page\" data-elementor-id=\"2116\" class=\"elementor elementor-2116 elementor-1975\" data-elementor-post-type=\"page\">\n\t\t\t\t<div class=\"elementor-element elementor-element-05d1292 e-con-full e-flex e-con e-parent\" data-id=\"05d1292\" data-element_type=\"container\">\n\t\t<div class=\"elementor-element elementor-element-1ad3076 e-con-full container e-flex e-con e-child\" data-id=\"1ad3076\" data-element_type=\"container\">\n\t\t<div class=\"elementor-element elementor-element-73f7a0d e-con-full maibec-header-border e-flex e-con e-child\" data-id=\"73f7a0d\" data-element_type=\"container\">\n\t\t\t\t<div class=\"elementor-element elementor-element-ae9dad8 elementor-widget elementor-widget-image\" data-id=\"ae9dad8\" data-element_type=\"widget\" data-widget_type=\"image.default\">\n\t\t\t\t<div class=\"elementor-widget-container\">\n\t\t\t\t\t\t\t\t\t\t\t\t\t\t\t<img decoding=\"async\" src=\"https:\/\/archi.maibec.com\/wp-content\/uploads\/elementor\/thumbs\/Untitled-1000-x-1000-px-1400-x-400-px-1-r6rxpzyaswv0wiq2f5s4wxwgjkr9m0wum2gzbd45gg.png\" title=\"\" alt=\"planches-aluminium-texture-bois-usine\" loading=\"lazy\" \/>\t\t\t\t\t\t\t\t\t\t\t\t\t\t\t<\/div>\n\t\t\t\t<\/div>\n\t\t\t\t<\/div>\n\t\t\t\t<\/div>\n\t\t<div class=\"elementor-element elementor-element-34ee5bd e-con-full container e-flex e-con e-child\" data-id=\"34ee5bd\" data-element_type=\"container\">\n\t\t\t\t<div class=\"elementor-element elementor-element-d2112c9 elementor-widget elementor-widget-breadcrumbs\" data-id=\"d2112c9\" data-element_type=\"widget\" data-widget_type=\"breadcrumbs.default\">\n\t\t\t\t<div class=\"elementor-widget-container\">\n\t\t\t\t\t<p id=\"breadcrumbs\"><span><span><a href=\"https:\/\/archi.maibec.com\/fr\/\">Accueil<\/a><\/span><\/span><\/p>\t\t\t\t<\/div>\n\t\t\t\t<\/div>\n\t\t\t\t<\/div>\n\t\t<div class=\"elementor-element elementor-element-c35b8c4 e-con-full container e-flex e-con e-child\" data-id=\"c35b8c4\" data-element_type=\"container\">\n\t\t<div class=\"elementor-element elementor-element-eecb95f e-con-full e-flex e-con e-child\" data-id=\"eecb95f\" data-element_type=\"container\">\n\t\t\t\t<div class=\"elementor-element elementor-element-d71dd9f elementor-widget elementor-widget-heading\" data-id=\"d71dd9f\" data-element_type=\"widget\" data-widget_type=\"heading.default\">\n\t\t\t\t<div class=\"elementor-widget-container\">\n\t\t\t\t\t<h1 class=\"elementor-heading-title elementor-size-default\">Impression Haute-D\u00e9finition<\/h1>\t\t\t\t<\/div>\n\t\t\t\t<\/div>\n\t\t\t\t<div class=\"elementor-element elementor-element-d3d175d elementor-widget elementor-widget-text-editor\" data-id=\"d3d175d\" data-element_type=\"widget\" data-widget_type=\"text-editor.default\">\n\t\t\t\t<div class=\"elementor-widget-container\">\n\t\t\t\t\t\t\t\t\t<p>Maibec utilise une technologie exclusive d&rsquo;impression num\u00e9rique \u00e0 jet d&rsquo;encre haute d\u00e9finition. Cette technologie permet d&rsquo;imprimer des textures authentiques num\u00e9ris\u00e9es de divers mat\u00e9riaux directement sur le rev\u00eatement d&rsquo;aluminium. Un vernis protecteur transparent est ajout\u00e9 \u00e0 nos produits pour assurer une protection durable de la finition. Le r\u00e9sultat : l&rsquo;attrait visuel du bois avec la durabilit\u00e9 de l&rsquo;aluminium, sans les exigences d&rsquo;entretien des mat\u00e9riaux naturels.<\/p>\t\t\t\t\t\t\t\t<\/div>\n\t\t\t\t<\/div>\n\t\t\t\t<\/div>\n\t\t\t\t<\/div>\n\t\t\t\t<\/div>\n\t\t<div class=\"elementor-element elementor-element-1cd79a0 e-con-full e-flex e-con e-parent\" data-id=\"1cd79a0\" data-element_type=\"container\" data-settings=\"{&quot;background_background&quot;:&quot;classic&quot;}\">\n\t\t<div class=\"elementor-element elementor-element-45f3ef2 e-con-full container e-flex e-con e-child\" data-id=\"45f3ef2\" data-element_type=\"container\">\n\t\t<div class=\"elementor-element elementor-element-39a2f2c e-con-full e-flex e-con e-child\" data-id=\"39a2f2c\" data-element_type=\"container\">\n\t\t\t\t<div class=\"elementor-element elementor-element-de9d174 elementor-widget__width-initial elementor-widget elementor-widget-image\" data-id=\"de9d174\" data-element_type=\"widget\" data-widget_type=\"image.default\">\n\t\t\t\t<div class=\"elementor-widget-container\">\n\t\t\t\t\t\t\t\t\t\t\t\t\t\t\t<img fetchpriority=\"high\" decoding=\"async\" width=\"1000\" height=\"1000\" src=\"https:\/\/archi.maibec.com\/wp-content\/uploads\/2025\/06\/roulette.png\" class=\"attachment-large size-large wp-image-5518\" alt=\"\" srcset=\"https:\/\/archi.maibec.com\/wp-content\/uploads\/2025\/06\/roulette.png 1000w, https:\/\/archi.maibec.com\/wp-content\/uploads\/2025\/06\/roulette-300x300.png 300w, https:\/\/archi.maibec.com\/wp-content\/uploads\/2025\/06\/roulette-150x150.png 150w, https:\/\/archi.maibec.com\/wp-content\/uploads\/2025\/06\/roulette-768x768.png 768w, https:\/\/archi.maibec.com\/wp-content\/uploads\/2025\/06\/roulette-800x800.png 800w\" sizes=\"(max-width: 1000px) 100vw, 1000px\" \/>\t\t\t\t\t\t\t\t\t\t\t\t\t\t\t<\/div>\n\t\t\t\t<\/div>\n\t\t<div class=\"elementor-element elementor-element-eaa0a01 e-con-full e-flex e-con e-child\" data-id=\"eaa0a01\" data-element_type=\"container\">\n\t\t\t\t<div class=\"elementor-element elementor-element-8f88657 elementor-widget elementor-widget-heading\" data-id=\"8f88657\" data-element_type=\"widget\" data-widget_type=\"heading.default\">\n\t\t\t\t<div class=\"elementor-widget-container\">\n\t\t\t\t\t<h2 class=\"elementor-heading-title elementor-size-default\">Textures et couleurs<\/h2>\t\t\t\t<\/div>\n\t\t\t\t<\/div>\n\t\t\t\t<div class=\"elementor-element elementor-element-bb0373b elementor-widget elementor-widget-heading\" data-id=\"bb0373b\" data-element_type=\"widget\" data-widget_type=\"heading.default\">\n\t\t\t\t<div class=\"elementor-widget-container\">\n\t\t\t\t\t<h3 class=\"elementor-heading-title elementor-size-default\">Impression haute d\u00e9finition<\/h3>\t\t\t\t<\/div>\n\t\t\t\t<\/div>\n\t\t\t\t<div class=\"elementor-element elementor-element-6525c6a elementor-widget elementor-widget-text-editor\" data-id=\"6525c6a\" data-element_type=\"widget\" data-widget_type=\"text-editor.default\">\n\t\t\t\t<div class=\"elementor-widget-container\">\n\t\t\t\t\t\t\t\t\t<p class=\"whitespace-normal break-words\">Disponible pour notre s\u00e9rie de planches extrud\u00e9es (MAE) et les panneaux et lattes assembl\u00e9s (MAA), cette technologie offre des textures et couleurs personnalisables qui reproduisent divers finis, du grain de bois aux mat\u00e9riaux contemporains et reproductions d&rsquo;\u0153uvres d&rsquo;art.<\/p><p class=\"whitespace-normal break-words\">Pour minimiser les motifs r\u00e9p\u00e9titifs, nous offrons <strong>72 pieds carr\u00e9s uniques<\/strong> de variation de texture, assurant un aspect naturel sur toute la fa\u00e7ade du b\u00e2timent. Les surfaces imprim\u00e9es incluent un rev\u00eatement d&rsquo;appr\u00eat qui respecte les normes AAMA 2604.<\/p>\t\t\t\t\t\t\t\t<\/div>\n\t\t\t\t<\/div>\n\t\t\t\t<div class=\"elementor-element elementor-element-2906e9e elementor-align-center elementor-widget elementor-widget-button\" data-id=\"2906e9e\" data-element_type=\"widget\" data-widget_type=\"button.default\">\n\t\t\t\t<div class=\"elementor-widget-container\">\n\t\t\t\t\t\t\t\t\t<div class=\"elementor-button-wrapper\">\n\t\t\t\t\t<a class=\"elementor-button elementor-button-link elementor-size-sm\" href=\"https:\/\/archi.maibec.com\/album\/fr\/\">\n\t\t\t\t\t\t<span class=\"elementor-button-content-wrapper\">\n\t\t\t\t\t\t\t\t\t<span class=\"elementor-button-text\">Explorez la galerie de textures et couleurs<\/span>\n\t\t\t\t\t<\/span>\n\t\t\t\t\t<\/a>\n\t\t\t\t<\/div>\n\t\t\t\t\t\t\t\t<\/div>\n\t\t\t\t<\/div>\n\t\t\t\t<\/div>\n\t\t\t\t<\/div>\n\t\t\t\t<\/div>\n\t\t\t\t<\/div>\n\t\t<div class=\"elementor-element elementor-element-7cac9a1 e-con-full e-flex e-con e-parent\" data-id=\"7cac9a1\" data-element_type=\"container\" data-settings=\"{&quot;background_background&quot;:&quot;classic&quot;}\">\n\t\t<div class=\"elementor-element elementor-element-d772ede e-con-full container e-flex e-con e-child\" data-id=\"d772ede\" data-element_type=\"container\" data-settings=\"{&quot;background_background&quot;:&quot;classic&quot;}\">\n\t\t<div class=\"elementor-element elementor-element-ce6798c e-con-full e-flex e-con e-child\" data-id=\"ce6798c\" data-element_type=\"container\" data-settings=\"{&quot;background_background&quot;:&quot;classic&quot;}\">\n\t\t<div class=\"elementor-element elementor-element-5a4e488 e-con-full e-flex e-con e-child\" data-id=\"5a4e488\" data-element_type=\"container\">\n\t\t\t\t<div class=\"elementor-element elementor-element-316dcb4 elementor-widget elementor-widget-heading\" data-id=\"316dcb4\" data-element_type=\"widget\" data-widget_type=\"heading.default\">\n\t\t\t\t<div class=\"elementor-widget-container\">\n\t\t\t\t\t<h2 class=\"elementor-heading-title elementor-size-default\">Pr\u00eat \u00e0 d\u00e9couvrir la diff\u00e9rence ?<\/h2>\t\t\t\t<\/div>\n\t\t\t\t<\/div>\n\t\t\t\t<div class=\"elementor-element elementor-element-cd337b4 remove-margin-p elementor-widget elementor-widget-text-editor\" data-id=\"cd337b4\" data-element_type=\"widget\" data-widget_type=\"text-editor.default\">\n\t\t\t\t<div class=\"elementor-widget-container\">\n\t\t\t\t\t\t\t\t\t<p>Choisissez parmi notre collection d&rsquo;\u00e9chantillons, exp\u00e9di\u00e9s dans les 72 heures<\/p>\t\t\t\t\t\t\t\t<\/div>\n\t\t\t\t<\/div>\n\t\t\t\t<\/div>\n\t\t\t\t<div class=\"elementor-element elementor-element-19c6fbc elementor-widget elementor-widget-button\" data-id=\"19c6fbc\" data-element_type=\"widget\" data-widget_type=\"button.default\">\n\t\t\t\t<div class=\"elementor-widget-container\">\n\t\t\t\t\t\t\t\t\t<div class=\"elementor-button-wrapper\">\n\t\t\t\t\t<a class=\"elementor-button elementor-button-link elementor-size-sm\" href=\"https:\/\/archi.maibec.com\/fr\/echantillons\/\">\n\t\t\t\t\t\t<span class=\"elementor-button-content-wrapper\">\n\t\t\t\t\t\t\t\t\t<span class=\"elementor-button-text\">Commander \u00e9chantillons<\/span>\n\t\t\t\t\t<\/span>\n\t\t\t\t\t<\/a>\n\t\t\t\t<\/div>\n\t\t\t\t\t\t\t\t<\/div>\n\t\t\t\t<\/div>\n\t\t\t\t<\/div>\n\t\t\t\t<\/div>\n\t\t\t\t<\/div>\n\t\t\t\t<\/div>\n\t\t","protected":false},"excerpt":{"rendered":"<p>Maibec utilise une technologie exclusive d&rsquo;impression num\u00e9rique \u00e0 jet d&rsquo;encre haute d\u00e9finition. Cette technologie permet d&rsquo;imprimer des textures authentiques num\u00e9ris\u00e9es de divers mat\u00e9riaux directement sur le rev\u00eatement d&rsquo;aluminium. Un vernis protecteur transparent est ajout\u00e9 \u00e0 nos produits pour assurer une protection durable de la finition. Le r\u00e9sultat : l&rsquo;attrait visuel du bois avec la durabilit\u00e9 [&hellip;]<\/p>\n","protected":false},"author":1,"featured_media":0,"parent":2110,"menu_order":0,"comment_status":"closed","ping_status":"closed","template":"","meta":{"_acf_changed":false,"inline_featured_image":false,"footnotes":""},"class_list":["post-2116","page","type-page","status-publish","hentry"],"acf":[],"yoast_head":"<!-- This site is optimized with the Yoast SEO plugin v25.2 - https:\/\/yoast.com\/wordpress\/plugins\/seo\/ -->\n<title>Impression Haute-D\u00e9finition - Maibec Alu<\/title>\n<meta name=\"robots\" content=\"index, follow, max-snippet:-1, max-image-preview:large, max-video-preview:-1\" \/>\n<link rel=\"canonical\" href=\"https:\/\/archi.maibec.com\/fr\/couleurs-et-finis\/impression-haute-definition\/\" \/>\n<meta property=\"og:locale\" content=\"fr_FR\" \/>\n<meta property=\"og:type\" content=\"article\" \/>\n<meta property=\"og:title\" content=\"Impression Haute-D\u00e9finition - Maibec Alu\" \/>\n<meta property=\"og:description\" content=\"Maibec utilise une technologie exclusive d&rsquo;impression num\u00e9rique \u00e0 jet d&rsquo;encre haute d\u00e9finition. Cette technologie permet d&rsquo;imprimer des textures authentiques num\u00e9ris\u00e9es de divers mat\u00e9riaux directement sur le rev\u00eatement d&rsquo;aluminium. Un vernis protecteur transparent est ajout\u00e9 \u00e0 nos produits pour assurer une protection durable de la finition. Le r\u00e9sultat : l&rsquo;attrait visuel du bois avec la durabilit\u00e9 [&hellip;]\" \/>\n<meta property=\"og:url\" content=\"https:\/\/archi.maibec.com\/fr\/couleurs-et-finis\/impression-haute-definition\/\" \/>\n<meta property=\"og:site_name\" content=\"Maibec Alu\" \/>\n<meta property=\"article:publisher\" content=\"https:\/\/www.facebook.com\/maibecinc\" \/>\n<meta property=\"article:modified_time\" content=\"2025-06-12T22:27:32+00:00\" \/>\n<meta property=\"og:image\" content=\"https:\/\/archi.maibec.com\/wp-content\/uploads\/elementor\/thumbs\/Untitled-1000-x-1000-px-1400-x-400-px-1-r6rxpzyaswv0wiq2f5s4wxwgjkr9m0wum2gyo7l7gg.png\" \/>\n<meta name=\"twitter:card\" content=\"summary_large_image\" \/>\n<meta name=\"twitter:label1\" content=\"Dur\u00e9e de lecture estim\u00e9e\" \/>\n\t<meta name=\"twitter:data1\" content=\"2 minutes\" \/>\n<script type=\"application\/ld+json\" class=\"yoast-schema-graph\">{\"@context\":\"https:\/\/schema.org\",\"@graph\":[{\"@type\":\"WebPage\",\"@id\":\"https:\/\/archi.maibec.com\/fr\/couleurs-et-finis\/impression-haute-definition\/\",\"url\":\"https:\/\/archi.maibec.com\/fr\/couleurs-et-finis\/impression-haute-definition\/\",\"name\":\"Impression Haute-D\u00e9finition - Maibec Alu\",\"isPartOf\":{\"@id\":\"https:\/\/archi.maibec.com\/#website\"},\"primaryImageOfPage\":{\"@id\":\"https:\/\/archi.maibec.com\/fr\/couleurs-et-finis\/impression-haute-definition\/#primaryimage\"},\"image\":{\"@id\":\"https:\/\/archi.maibec.com\/fr\/couleurs-et-finis\/impression-haute-definition\/#primaryimage\"},\"thumbnailUrl\":\"https:\/\/archi.maibec.com\/wp-content\/uploads\/elementor\/thumbs\/Untitled-1000-x-1000-px-1400-x-400-px-1-r6rxpzyaswv0wiq2f5s4wxwgjkr9m0wum2gyo7l7gg.png\",\"datePublished\":\"2025-03-28T19:18:30+00:00\",\"dateModified\":\"2025-06-12T22:27:32+00:00\",\"breadcrumb\":{\"@id\":\"https:\/\/archi.maibec.com\/fr\/couleurs-et-finis\/impression-haute-definition\/#breadcrumb\"},\"inLanguage\":\"fr-FR\",\"potentialAction\":[{\"@type\":\"ReadAction\",\"target\":[\"https:\/\/archi.maibec.com\/fr\/couleurs-et-finis\/impression-haute-definition\/\"]}]},{\"@type\":\"ImageObject\",\"inLanguage\":\"fr-FR\",\"@id\":\"https:\/\/archi.maibec.com\/fr\/couleurs-et-finis\/impression-haute-definition\/#primaryimage\",\"url\":\"https:\/\/archi.maibec.com\/wp-content\/uploads\/elementor\/thumbs\/Untitled-1000-x-1000-px-1400-x-400-px-1-r6rxpzyaswv0wiq2f5s4wxwgjkr9m0wum2gyo7l7gg.png\",\"contentUrl\":\"https:\/\/archi.maibec.com\/wp-content\/uploads\/elementor\/thumbs\/Untitled-1000-x-1000-px-1400-x-400-px-1-r6rxpzyaswv0wiq2f5s4wxwgjkr9m0wum2gyo7l7gg.png\"},{\"@type\":\"BreadcrumbList\",\"@id\":\"https:\/\/archi.maibec.com\/fr\/couleurs-et-finis\/impression-haute-definition\/#breadcrumb\",\"itemListElement\":[{\"@type\":\"ListItem\",\"position\":1,\"name\":\"Accueil\",\"item\":\"https:\/\/archi.maibec.com\/fr\/\"},{\"@type\":\"ListItem\",\"position\":2,\"name\":\"Couleurs et finis\",\"item\":\"https:\/\/archi.maibec.com\/fr\/couleurs-et-finis\/\"},{\"@type\":\"ListItem\",\"position\":3,\"name\":\"Impression Haute-D\u00e9finition\"}]},{\"@type\":\"WebSite\",\"@id\":\"https:\/\/archi.maibec.com\/#website\",\"url\":\"https:\/\/archi.maibec.com\/\",\"name\":\"Maibec\",\"description\":\"\",\"publisher\":{\"@id\":\"https:\/\/archi.maibec.com\/#organization\"},\"potentialAction\":[{\"@type\":\"SearchAction\",\"target\":{\"@type\":\"EntryPoint\",\"urlTemplate\":\"https:\/\/archi.maibec.com\/?s={search_term_string}\"},\"query-input\":{\"@type\":\"PropertyValueSpecification\",\"valueRequired\":true,\"valueName\":\"search_term_string\"}}],\"inLanguage\":\"fr-FR\"},{\"@type\":\"Organization\",\"@id\":\"https:\/\/archi.maibec.com\/#organization\",\"name\":\"Maibec\",\"url\":\"https:\/\/archi.maibec.com\/\",\"logo\":{\"@type\":\"ImageObject\",\"inLanguage\":\"fr-FR\",\"@id\":\"https:\/\/archi.maibec.com\/#\/schema\/logo\/image\/\",\"url\":\"https:\/\/archi.maibec.com\/wp-content\/uploads\/2025\/03\/maibec-logo.png\",\"contentUrl\":\"https:\/\/archi.maibec.com\/wp-content\/uploads\/2025\/03\/maibec-logo.png\",\"width\":1197,\"height\":824,\"caption\":\"Maibec\"},\"image\":{\"@id\":\"https:\/\/archi.maibec.com\/#\/schema\/logo\/image\/\"},\"sameAs\":[\"https:\/\/www.facebook.com\/maibecinc\",\"https:\/\/www.instagram.com\/maibecinc\/\",\"https:\/\/www.youtube.com\/c\/Maibec\",\"https:\/\/ca.linkedin.com\/company\/maibec-inc.\",\"https:\/\/www.houzz.com\/professionals\/building-supplies\/maibec-pfvwus-pf~1737476904\"]}]}<\/script>\n<!-- \/ Yoast SEO plugin. -->","yoast_head_json":{"title":"Impression Haute-D\u00e9finition - Maibec Alu","robots":{"index":"index","follow":"follow","max-snippet":"max-snippet:-1","max-image-preview":"max-image-preview:large","max-video-preview":"max-video-preview:-1"},"canonical":"https:\/\/archi.maibec.com\/fr\/couleurs-et-finis\/impression-haute-definition\/","og_locale":"fr_FR","og_type":"article","og_title":"Impression Haute-D\u00e9finition - Maibec Alu","og_description":"Maibec utilise une technologie exclusive d&rsquo;impression num\u00e9rique \u00e0 jet d&rsquo;encre haute d\u00e9finition. Cette technologie permet d&rsquo;imprimer des textures authentiques num\u00e9ris\u00e9es de divers mat\u00e9riaux directement sur le rev\u00eatement d&rsquo;aluminium. Un vernis protecteur transparent est ajout\u00e9 \u00e0 nos produits pour assurer une protection durable de la finition. Le r\u00e9sultat : l&rsquo;attrait visuel du bois avec la durabilit\u00e9 [&hellip;]","og_url":"https:\/\/archi.maibec.com\/fr\/couleurs-et-finis\/impression-haute-definition\/","og_site_name":"Maibec Alu","article_publisher":"https:\/\/www.facebook.com\/maibecinc","article_modified_time":"2025-06-12T22:27:32+00:00","og_image":[{"url":"https:\/\/archi.maibec.com\/wp-content\/uploads\/elementor\/thumbs\/Untitled-1000-x-1000-px-1400-x-400-px-1-r6rxpzyaswv0wiq2f5s4wxwgjkr9m0wum2gyo7l7gg.png","type":"","width":"","height":""}],"twitter_card":"summary_large_image","twitter_misc":{"Dur\u00e9e de lecture estim\u00e9e":"2 minutes"},"schema":{"@context":"https:\/\/schema.org","@graph":[{"@type":"WebPage","@id":"https:\/\/archi.maibec.com\/fr\/couleurs-et-finis\/impression-haute-definition\/","url":"https:\/\/archi.maibec.com\/fr\/couleurs-et-finis\/impression-haute-definition\/","name":"Impression Haute-D\u00e9finition - Maibec Alu","isPartOf":{"@id":"https:\/\/archi.maibec.com\/#website"},"primaryImageOfPage":{"@id":"https:\/\/archi.maibec.com\/fr\/couleurs-et-finis\/impression-haute-definition\/#primaryimage"},"image":{"@id":"https:\/\/archi.maibec.com\/fr\/couleurs-et-finis\/impression-haute-definition\/#primaryimage"},"thumbnailUrl":"https:\/\/archi.maibec.com\/wp-content\/uploads\/elementor\/thumbs\/Untitled-1000-x-1000-px-1400-x-400-px-1-r6rxpzyaswv0wiq2f5s4wxwgjkr9m0wum2gyo7l7gg.png","datePublished":"2025-03-28T19:18:30+00:00","dateModified":"2025-06-12T22:27:32+00:00","breadcrumb":{"@id":"https:\/\/archi.maibec.com\/fr\/couleurs-et-finis\/impression-haute-definition\/#breadcrumb"},"inLanguage":"fr-FR","potentialAction":[{"@type":"ReadAction","target":["https:\/\/archi.maibec.com\/fr\/couleurs-et-finis\/impression-haute-definition\/"]}]},{"@type":"ImageObject","inLanguage":"fr-FR","@id":"https:\/\/archi.maibec.com\/fr\/couleurs-et-finis\/impression-haute-definition\/#primaryimage","url":"https:\/\/archi.maibec.com\/wp-content\/uploads\/elementor\/thumbs\/Untitled-1000-x-1000-px-1400-x-400-px-1-r6rxpzyaswv0wiq2f5s4wxwgjkr9m0wum2gyo7l7gg.png","contentUrl":"https:\/\/archi.maibec.com\/wp-content\/uploads\/elementor\/thumbs\/Untitled-1000-x-1000-px-1400-x-400-px-1-r6rxpzyaswv0wiq2f5s4wxwgjkr9m0wum2gyo7l7gg.png"},{"@type":"BreadcrumbList","@id":"https:\/\/archi.maibec.com\/fr\/couleurs-et-finis\/impression-haute-definition\/#breadcrumb","itemListElement":[{"@type":"ListItem","position":1,"name":"Accueil","item":"https:\/\/archi.maibec.com\/fr\/"},{"@type":"ListItem","position":2,"name":"Couleurs et finis","item":"https:\/\/archi.maibec.com\/fr\/couleurs-et-finis\/"},{"@type":"ListItem","position":3,"name":"Impression Haute-D\u00e9finition"}]},{"@type":"WebSite","@id":"https:\/\/archi.maibec.com\/#website","url":"https:\/\/archi.maibec.com\/","name":"Maibec","description":"","publisher":{"@id":"https:\/\/archi.maibec.com\/#organization"},"potentialAction":[{"@type":"SearchAction","target":{"@type":"EntryPoint","urlTemplate":"https:\/\/archi.maibec.com\/?s={search_term_string}"},"query-input":{"@type":"PropertyValueSpecification","valueRequired":true,"valueName":"search_term_string"}}],"inLanguage":"fr-FR"},{"@type":"Organization","@id":"https:\/\/archi.maibec.com\/#organization","name":"Maibec","url":"https:\/\/archi.maibec.com\/","logo":{"@type":"ImageObject","inLanguage":"fr-FR","@id":"https:\/\/archi.maibec.com\/#\/schema\/logo\/image\/","url":"https:\/\/archi.maibec.com\/wp-content\/uploads\/2025\/03\/maibec-logo.png","contentUrl":"https:\/\/archi.maibec.com\/wp-content\/uploads\/2025\/03\/maibec-logo.png","width":1197,"height":824,"caption":"Maibec"},"image":{"@id":"https:\/\/archi.maibec.com\/#\/schema\/logo\/image\/"},"sameAs":["https:\/\/www.facebook.com\/maibecinc","https:\/\/www.instagram.com\/maibecinc\/","https:\/\/www.youtube.com\/c\/Maibec","https:\/\/ca.linkedin.com\/company\/maibec-inc.","https:\/\/www.houzz.com\/professionals\/building-supplies\/maibec-pfvwus-pf~1737476904"]}]}},"_links":{"self":[{"href":"https:\/\/archi.maibec.com\/fr\/wp-json\/wp\/v2\/pages\/2116","targetHints":{"allow":["GET"]}}],"collection":[{"href":"https:\/\/archi.maibec.com\/fr\/wp-json\/wp\/v2\/pages"}],"about":[{"href":"https:\/\/archi.maibec.com\/fr\/wp-json\/wp\/v2\/types\/page"}],"author":[{"embeddable":true,"href":"https:\/\/archi.maibec.com\/fr\/wp-json\/wp\/v2\/users\/1"}],"replies":[{"embeddable":true,"href":"https:\/\/archi.maibec.com\/fr\/wp-json\/wp\/v2\/comments?post=2116"}],"version-history":[{"count":0,"href":"https:\/\/archi.maibec.com\/fr\/wp-json\/wp\/v2\/pages\/2116\/revisions"}],"up":[{"embeddable":true,"href":"https:\/\/archi.maibec.com\/fr\/wp-json\/wp\/v2\/pages\/2110"}],"wp:attachment":[{"href":"https:\/\/archi.maibec.com\/fr\/wp-json\/wp\/v2\/media?parent=2116"}],"curies":[{"name":"wp","href":"https:\/\/api.w.org\/{rel}","templated":true}]}}